{"id":284,"date":"2023-08-24T15:32:50","date_gmt":"2023-08-24T15:32:50","guid":{"rendered":"https:\/\/capila.io\/?page_id=284"},"modified":"2023-08-30T06:35:44","modified_gmt":"2023-08-30T06:35:44","slug":"case-studies-1","status":"publish","type":"page","link":"https:\/\/capila.io\/sk\/case-studies-1\/","title":{"rendered":"Case Studies 1"},"content":{"rendered":"<div data-elementor-type=\"wp-page\" data-elementor-id=\"284\" class=\"elementor elementor-284\" data-elementor-post-type=\"page\">\n\t\t\t\t\t\t<section class=\"elementor-section elementor-top-section elementor-element elementor-element-76a5cc1 elementor-section-height-min-height elementor-section-boxed elementor-section-height-default elementor-section-items-middle\" data-id=\"76a5cc1\" data-element_type=\"section\" data-settings=\"{&quot;background_background&quot;:&quot;classic&quot;}\">\n\t\t\t\t\t\t<div class=\"elementor-container elementor-column-gap-default\">\n\t\t\t\t\t<div class=\"elementor-column elementor-col-50 elementor-top-column elementor-element elementor-element-dc121e8\" data-id=\"dc121e8\" data-element_type=\"column\">\n\t\t\t<div class=\"elementor-widget-wrap elementor-element-populated\">\n\t\t\t\t\t\t<div class=\"elementor-element elementor-element-cd4ac25 elementor-widget elementor-widget-heading\" data-id=\"cd4ac25\" data-element_type=\"widget\" data-widget_type=\"heading.default\">\n\t\t\t\t<div class=\"elementor-widget-container\">\n\t\t\t<h2 class=\"elementor-heading-title elementor-size-default\">Case Studies 1<\/h2>\t\t<\/div>\n\t\t\t\t<\/div>\n\t\t\t\t<div class=\"elementor-element elementor-element-aaf3df8 elementor-widget elementor-widget-spacer\" data-id=\"aaf3df8\" data-element_type=\"widget\" data-widget_type=\"spacer.default\">\n\t\t\t\t<div class=\"elementor-widget-container\">\n\t\t\t\t\t<div class=\"elementor-spacer\">\n\t\t\t<div class=\"elementor-spacer-inner\"><\/div>\n\t\t<\/div>\n\t\t\t\t<\/div>\n\t\t\t\t<\/div>\n\t\t\t\t\t<\/div>\n\t\t<\/div>\n\t\t\t\t<div class=\"elementor-column elementor-col-50 elementor-top-column elementor-element elementor-element-09f498a\" data-id=\"09f498a\" data-element_type=\"column\">\n\t\t\t<div class=\"elementor-widget-wrap elementor-element-populated\">\n\t\t\t\t\t\t<section class=\"elementor-section elementor-inner-section elementor-element elementor-element-3cb2b2d elementor-section-boxed elementor-section-height-default elementor-section-height-default\" data-id=\"3cb2b2d\" data-element_type=\"section\">\n\t\t\t\t\t\t<div class=\"elementor-container elementor-column-gap-default\">\n\t\t\t\t\t<div class=\"elementor-column elementor-col-100 elementor-inner-column elementor-element elementor-element-2363923\" data-id=\"2363923\" data-element_type=\"column\" data-settings=\"{&quot;background_background&quot;:&quot;classic&quot;}\">\n\t\t\t<div class=\"elementor-widget-wrap elementor-element-populated\">\n\t\t\t\t\t\t<div class=\"elementor-element elementor-element-16f20a3 elementor-widget-mobile__width-initial elementor-widget elementor-widget-image\" data-id=\"16f20a3\" data-element_type=\"widget\" data-widget_type=\"image.default\">\n\t\t\t\t<div class=\"elementor-widget-container\">\n\t\t\t\t\t\t\t\t\t\t\t\t\t<img decoding=\"async\" width=\"372\" height=\"80\" src=\"https:\/\/capila.io\/wp-content\/uploads\/2023\/08\/324.png\" class=\"attachment-large size-large wp-image-309\" alt=\"\" srcset=\"https:\/\/capila.io\/wp-content\/uploads\/2023\/08\/324.png 372w, https:\/\/capila.io\/wp-content\/uploads\/2023\/08\/324-300x65.png 300w\" sizes=\"(max-width: 372px) 100vw, 372px\" \/>\t\t\t\t\t\t\t\t\t\t\t\t\t<\/div>\n\t\t\t\t<\/div>\n\t\t\t\t<div class=\"elementor-element elementor-element-b60750c elementor-widget elementor-widget-heading\" data-id=\"b60750c\" data-element_type=\"widget\" data-widget_type=\"heading.default\">\n\t\t\t\t<div class=\"elementor-widget-container\">\n\t\t\t<h2 class=\"elementor-heading-title elementor-size-default\">Poskytunt\u00e9 slu\u017eby<\/h2>\t\t<\/div>\n\t\t\t\t<\/div>\n\t\t\t\t<div class=\"elementor-element elementor-element-6711902 elementor-widget elementor-widget-text-editor\" data-id=\"6711902\" data-element_type=\"widget\" data-widget_type=\"text-editor.default\">\n\t\t\t\t<div class=\"elementor-widget-container\">\n\t\t\t\t\t\t\t<ul><li>Finan\u010dn\u00fd riadite\u013e<\/li><li>Mana\u017e\u00e9rsky reporting<\/li><li>Back-office mana\u017ement<\/li><\/ul>\t\t\t\t\t\t<\/div>\n\t\t\t\t<\/div>\n\t\t\t\t\t<\/div>\n\t\t<\/div>\n\t\t\t\t\t<\/div>\n\t\t<\/section>\n\t\t\t\t\t<\/div>\n\t\t<\/div>\n\t\t\t\t\t<\/div>\n\t\t<\/section>\n\t\t\t\t<section class=\"elementor-section elementor-top-section elementor-element elementor-element-2f1a637 elementor-section-boxed elementor-section-height-default elementor-section-height-default\" data-id=\"2f1a637\" data-element_type=\"section\">\n\t\t\t\t\t\t<div class=\"elementor-container elementor-column-gap-default\">\n\t\t\t\t\t<div class=\"elementor-column elementor-col-100 elementor-top-column elementor-element elementor-element-e142c45\" data-id=\"e142c45\" data-element_type=\"column\">\n\t\t\t<div class=\"elementor-widget-wrap elementor-element-populated\">\n\t\t\t\t\t\t<div class=\"elementor-element elementor-element-ad6bad6 elementor-widget elementor-widget-heading\" data-id=\"ad6bad6\" data-element_type=\"widget\" data-widget_type=\"heading.default\">\n\t\t\t\t<div class=\"elementor-widget-container\">\n\t\t\t<h2 class=\"elementor-heading-title elementor-size-default\">O spolo\u010dnosti<\/h2>\t\t<\/div>\n\t\t\t\t<\/div>\n\t\t\t\t<div class=\"elementor-element elementor-element-2176070 elementor-widget elementor-widget-text-editor\" data-id=\"2176070\" data-element_type=\"widget\" data-widget_type=\"text-editor.default\">\n\t\t\t\t<div class=\"elementor-widget-container\">\n\t\t\t\t\t\t\t<p>Trama je popredn\u00e1 spolo\u010dnos\u0165 poskytuj\u00faca slu\u017eby v oblasti ochrann\u00fdch zn\u00e1mok, ktor\u00e1 pon\u00faka inovat\u00edvne rie\u0161enia pre klientov v pr\u00e1vnom odvetv\u00ed. Spolo\u010dnos\u0165 je zn\u00e1ma svojimi najmodernej\u0161\u00edmi technol\u00f3giami a odhodlan\u00edm poskytova\u0165 svojim klientom vysokokvalitn\u00e9 slu\u017eby.<\/p>\t\t\t\t\t\t<\/div>\n\t\t\t\t<\/div>\n\t\t\t\t<div class=\"elementor-element elementor-element-69ec092 elementor-widget elementor-widget-heading\" data-id=\"69ec092\" data-element_type=\"widget\" data-widget_type=\"heading.default\">\n\t\t\t\t<div class=\"elementor-widget-container\">\n\t\t\t<h2 class=\"elementor-heading-title elementor-size-default\">V\u00fdzva<\/h2>\t\t<\/div>\n\t\t\t\t<\/div>\n\t\t\t\t<div class=\"elementor-element elementor-element-3bb2836 elementor-widget elementor-widget-text-editor\" data-id=\"3bb2836\" data-element_type=\"widget\" data-widget_type=\"text-editor.default\">\n\t\t\t\t<div class=\"elementor-widget-container\">\n\t\t\t\t\t\t\t<ul><li>Trama nemala dostato\u010dn\u00fd preh\u013ead o svojej finan\u010dnej v\u00fdkonnosti a prev\u00e1dzkov\u00fdch \u010dinnostiach, \u010do komplikovalo rozhodovanie na z\u00e1klade inform\u00e1ci\u00ed a optimaliz\u00e1ciu finan\u010dnej v\u00fdkonnosti.<\/li><li>Proces faktur\u00e1cie a inkasa bol m\u00e1lo efekt\u00edvny, \u010do ovplyv\u0148ovalo pe\u0148a\u017en\u00fd tok spolo\u010dnosti.<\/li><\/ul>\t\t\t\t\t\t<\/div>\n\t\t\t\t<\/div>\n\t\t\t\t<div class=\"elementor-element elementor-element-666dad0 elementor-widget elementor-widget-heading\" data-id=\"666dad0\" data-element_type=\"widget\" data-widget_type=\"heading.default\">\n\t\t\t\t<div class=\"elementor-widget-container\">\n\t\t\t<h2 class=\"elementor-heading-title elementor-size-default\">Rie\u0161enie<\/h2>\t\t<\/div>\n\t\t\t\t<\/div>\n\t\t\t\t<div class=\"elementor-element elementor-element-69346a5 elementor-widget elementor-widget-text-editor\" data-id=\"69346a5\" data-element_type=\"widget\" data-widget_type=\"text-editor.default\">\n\t\t\t\t<div class=\"elementor-widget-container\">\n\t\t\t\t\t\t\t<ul><li>Capila poskytla spolo\u010dnosti Trama personalizovan\u00e9 reportingov\u00e9 slu\u017eby, ktor\u00e9 jej poskytli finan\u010dn\u00e9 inform\u00e1cie a preh\u013ead v re\u00e1lnom \u010dase, aby mohla prij\u00edma\u0165 informovan\u00e9 rozhodnutia a optimalizova\u0165 svoju finan\u010dn\u00fa v\u00fdkonnos\u0165.<\/li><li>Proces faktur\u00e1cie a inkasa sa zlep\u0161il a zefekt\u00edvnil, \u010do zlep\u0161ilo pe\u0148a\u017en\u00fd tok spolo\u010dnosti.<\/li><li>Capila poskytla Trame komplexn\u00e9 poradensk\u00e9 slu\u017eby v oblasti finan\u010dn\u00e9ho riadenia, ktor\u00e9 jej pomohli nastavi\u0165 a prepracova\u0165 procesy s cie\u013eom optimalizova\u0165 jej prev\u00e1dzku a finan\u010dn\u00fa v\u00fdkonnos\u0165.<\/li><\/ul>\t\t\t\t\t\t<\/div>\n\t\t\t\t<\/div>\n\t\t\t\t<div class=\"elementor-element elementor-element-b747b39 elementor-widget elementor-widget-heading\" data-id=\"b747b39\" data-element_type=\"widget\" data-widget_type=\"heading.default\">\n\t\t\t\t<div class=\"elementor-widget-container\">\n\t\t\t<h2 class=\"elementor-heading-title elementor-size-default\">V\u00fdsledok<\/h2>\t\t<\/div>\n\t\t\t\t<\/div>\n\t\t\t\t<div class=\"elementor-element elementor-element-1187d99 elementor-widget elementor-widget-text-editor\" data-id=\"1187d99\" data-element_type=\"widget\" data-widget_type=\"text-editor.default\">\n\t\t\t\t<div class=\"elementor-widget-container\">\n\t\t\t\t\t\t\t<ul><li>Trama z\u00edskala nov\u00fd poh\u013ead na svoje finan\u010dn\u00e9 oper\u00e1cie a zlep\u0161ila ich efekt\u00edvnos\u0165, \u010do jej umo\u017enilo s\u00fastredi\u0165 sa na svoju hlavn\u00fa \u010dinnos\u0165 a rozv\u00edja\u0165 svoje aktivity.<\/li><li>S podporou Capily sa spolo\u010dnosti Trama podarilo prekona\u0165 finan\u010dn\u00e9 probl\u00e9my a vytvori\u0165 z\u00e1klady pre bud\u00faci rast.<\/li><\/ul>\t\t\t\t\t\t<\/div>\n\t\t\t\t<\/div>\n\t\t\t\t<div class=\"elementor-element elementor-element-4b7d09b elementor--star-style-star_unicode elementor-star-rating--align-center elementor-widget elementor-widget-star-rating\" data-id=\"4b7d09b\" data-element_type=\"widget\" data-widget_type=\"star-rating.default\">\n\t\t\t\t<div class=\"elementor-widget-container\">\n\t\t\t\n\t\t<div class=\"elementor-star-rating__wrapper\">\n\t\t\t\t\t\t<div class=\"elementor-star-rating\" title=\"5\/5\" itemtype=\"http:\/\/schema.org\/Rating\" itemscope=\"\" itemprop=\"reviewRating\"><i class=\"elementor-star-full\">&#9734;<\/i><i class=\"elementor-star-full\">&#9734;<\/i><i class=\"elementor-star-full\">&#9734;<\/i><i class=\"elementor-star-full\">&#9734;<\/i><i class=\"elementor-star-full\">&#9734;<\/i> <span itemprop=\"ratingValue\" class=\"elementor-screen-only\">5\/5<\/span><\/div>\t\t<\/div>\n\t\t\t\t<\/div>\n\t\t\t\t<\/div>\n\t\t\t\t<div class=\"elementor-element elementor-element-3061413 elementor-widget elementor-widget-testimonial\" data-id=\"3061413\" data-element_type=\"widget\" data-widget_type=\"testimonial.default\">\n\t\t\t\t<div class=\"elementor-widget-container\">\n\t\t\t\t\t<div class=\"elementor-testimonial-wrapper\">\n\t\t\t\t\t\t\t<div class=\"elementor-testimonial-content\">\"Slu\u017eby finan\u010dn\u00e9ho riadite\u013ea spolo\u010dnosti Capila a personalizovan\u00fd reporting v\u00fdznamne ovplyvnili na\u0161u finan\u010dn\u00fa v\u00fdkonnos\u0165. Teraz m\u00e1me k dispoz\u00edcii \u00fadaje a inform\u00e1cie v re\u00e1lnom \u010dase, ktor\u00e9 n\u00e1m umo\u017e\u0148uj\u00fa rozhodova\u0165 sa na z\u00e1klade inform\u00e1ci\u00ed, a na\u0161a \u010dinnos\u0165 je efekt\u00edvnej\u0161ia ako kedyko\u013evek predt\u00fdm.\"<\/div>\n\t\t\t\n\t\t\t\t\t\t<div class=\"elementor-testimonial-meta elementor-has-image elementor-testimonial-image-position-aside\">\n\t\t\t\t<div class=\"elementor-testimonial-meta-inner\">\n\t\t\t\t\t\t\t\t\t\t\t<div class=\"elementor-testimonial-image\">\n\t\t\t\t\t\t\t<img decoding=\"async\" width=\"48\" height=\"48\" src=\"https:\/\/capila.io\/wp-content\/uploads\/2023\/08\/Image-1-rewiew.png\" class=\"attachment-full size-full wp-image-315\" alt=\"\" \/>\t\t\t\t\t\t<\/div>\n\t\t\t\t\t\n\t\t\t\t\t\t\t\t\t\t<div class=\"elementor-testimonial-details\">\n\t\t\t\t\t\t\t\t\t\t\t\t\t\t<div class=\"elementor-testimonial-name\">J\u00e1n B\u00faza<\/div>\n\t\t\t\t\t\t\t\t\t\t\t\t\t\t\t\t\t\t\t\t\t\t<div class=\"elementor-testimonial-job\">Head of Business Development<\/div>\n\t\t\t\t\t\t\t\t\t\t\t\t\t<\/div>\n\t\t\t\t\t\t\t\t\t<\/div>\n\t\t\t<\/div>\n\t\t\t\t\t<\/div>\n\t\t\t\t<\/div>\n\t\t\t\t<\/div>\n\t\t\t\t<div class=\"elementor-element elementor-element-3ed0dc3 elementor-widget elementor-widget-text-editor\" data-id=\"3ed0dc3\" data-element_type=\"widget\" data-widget_type=\"text-editor.default\">\n\t\t\t\t<div class=\"elementor-widget-container\">\n\t\t\t\t\t\t\t<p>Trama je popredn\u00e1 spolo\u010dnos\u0165 poskytuj\u00faca slu\u017eby v oblasti ochrann\u00fdch zn\u00e1mok, ktor\u00e1 pon\u00faka inovat\u00edvne rie\u0161enia pre klientov. Spolo\u010dnos\u0165 je zn\u00e1ma svojou najmodernej\u0161ou technol\u00f3giou a odhodlan\u00edm poskytova\u0165 svojim klientom vysokokvalitn\u00e9 slu\u017eby.<\/p>\t\t\t\t\t\t<\/div>\n\t\t\t\t<\/div>\n\t\t\t\t<div class=\"elementor-element elementor-element-629a40c elementor-widget elementor-widget-text-editor\" data-id=\"629a40c\" data-element_type=\"widget\" data-widget_type=\"text-editor.default\">\n\t\t\t\t<div class=\"elementor-widget-container\">\n\t\t\t\t\t\t\t<p>Capila bola spolo\u010dnos\u0165ou Trama anga\u017eovan\u00e1, aby poskytovala slu\u017eby finan\u010dn\u00e9ho riadite\u013ea, personalizovan\u00e9 reporty a podporu riadenia back-office. Jednou z k\u013e\u00fa\u010dov\u00fdch v\u00fdziev, ktor\u00fdm spolo\u010dnos\u0165 Trama \u010delila, bol nedostato\u010dn\u00fd preh\u013ead o jej finan\u010dnej v\u00fdkonnosti. Potrebovali rie\u0161enie, ktor\u00e9 by im poskytlo \u00fadaje a preh\u013ead o finan\u010dn\u00fdch oper\u00e1ci\u00e1ch v re\u00e1lnom \u010dase.<\/p>\t\t\t\t\t\t<\/div>\n\t\t\t\t<\/div>\n\t\t\t\t<div class=\"elementor-element elementor-element-803eb71 elementor-widget elementor-widget-text-editor\" data-id=\"803eb71\" data-element_type=\"widget\" data-widget_type=\"text-editor.default\">\n\t\t\t\t<div class=\"elementor-widget-container\">\n\t\t\t\t\t\t\t<p>Capila t\u00fato v\u00fdzvu vyrie\u0161ila vytvoren\u00edm vlastn\u00e9ho reportovacieho syst\u00e9mu, ktor\u00fd spolo\u010dnosti Trama poskytoval finan\u010dn\u00e9 \u00fadaje v re\u00e1lnom \u010dase. To umo\u017enilo spolo\u010dnosti z\u00edska\u0165 jasnej\u0161\u00ed obraz o svojej finan\u010dnej v\u00fdkonnosti a prij\u00edma\u0165 informovan\u00e9 rozhodnutia. Okrem toho spolo\u010dnos\u0165 Capila vylep\u0161ila proces faktur\u00e1cie a inkasa, \u010d\u00edm ho zefekt\u00edvnila a zjednodu\u0161ila, \u010do zlep\u0161ilo pe\u0148a\u017en\u00fd tok spolo\u010dnosti.<\/p>\t\t\t\t\t\t<\/div>\n\t\t\t\t<\/div>\n\t\t\t\t<div class=\"elementor-element elementor-element-fe1cd18 elementor-widget elementor-widget-text-editor\" data-id=\"fe1cd18\" data-element_type=\"widget\" data-widget_type=\"text-editor.default\">\n\t\t\t\t<div class=\"elementor-widget-container\">\n\t\t\t\t\t\t\t<p>Okrem reportingu a riadenia back-office poskytovala spolo\u010dnos\u0165 Capila aj komplexn\u00e9 poradensk\u00e9 slu\u017eby v oblasti finan\u010dn\u00e9ho riadenia. Cie\u013eom bolo pom\u00f4c\u0165 spolo\u010dnosti Trama nastavi\u0165 a prepracova\u0165 procesy s cie\u013eom optimalizova\u0165 jej prev\u00e1dzku a finan\u010dn\u00fa v\u00fdkonnos\u0165. To zah\u0155\u0148alo nastavenie rozpo\u010dtu, zlep\u0161enie ich procesov faktur\u00e1cie a inkasa a z\u00edskanie n\u00e1vodov, ako vykon\u00e1va\u0165 lep\u0161ie a presnej\u0161ie finan\u010dn\u00e9 v\u00fdpo\u010dty.<\/p>\t\t\t\t\t\t<\/div>\n\t\t\t\t<\/div>\n\t\t\t\t<div class=\"elementor-element elementor-element-b550ae3 elementor-widget elementor-widget-text-editor\" data-id=\"b550ae3\" data-element_type=\"widget\" data-widget_type=\"text-editor.default\">\n\t\t\t\t<div class=\"elementor-widget-container\">\n\t\t\t\t\t\t\t<p>Celkovo bola spolupr\u00e1ca Capily so spolo\u010dnos\u0165ou Trama ve\u013emi \u00faspe\u0161n\u00e1. Spolo\u010dnos\u0165 z\u00edskala nov\u00e9 poznatky o svojich finan\u010dn\u00fdch oper\u00e1ci\u00e1ch a zlep\u0161ila svoju efekt\u00edvnos\u0165, \u010do jej umo\u017enilo s\u00fastredi\u0165 sa na svoju hlavn\u00fa \u010dinnos\u0165 a rozv\u00edja\u0165 svoje aktivity.<\/p>\t\t\t\t\t\t<\/div>\n\t\t\t\t<\/div>\n\t\t\t\t\t<\/div>\n\t\t<\/div>\n\t\t\t\t\t<\/div>\n\t\t<\/section>\n\t\t\t\t<section class=\"elementor-section elementor-top-section elementor-element elementor-element-4fc253e elementor-section-boxed elementor-section-height-default elementor-section-height-default\" data-id=\"4fc253e\" data-element_type=\"section\">\n\t\t\t\t\t\t<div class=\"elementor-container elementor-column-gap-default\">\n\t\t\t\t\t<div class=\"elementor-column elementor-col-100 elementor-top-column elementor-element elementor-element-0db9171\" data-id=\"0db9171\" data-element_type=\"column\">\n\t\t\t<div class=\"elementor-widget-wrap elementor-element-populated\">\n\t\t\t\t\t\t<section class=\"elementor-section elementor-inner-section elementor-element elementor-element-bc72549 elementor-section-boxed elementor-section-height-default elementor-section-height-default\" data-id=\"bc72549\" data-element_type=\"section\">\n\t\t\t\t\t\t<div class=\"elementor-container elementor-column-gap-default\">\n\t\t\t\t\t<div class=\"elementor-column elementor-col-100 elementor-inner-column elementor-element elementor-element-f7e8308\" data-id=\"f7e8308\" data-element_type=\"column\" data-settings=\"{&quot;background_background&quot;:&quot;classic&quot;}\">\n\t\t\t<div class=\"elementor-widget-wrap elementor-element-populated\">\n\t\t\t\t\t\t<div class=\"elementor-element elementor-element-7a3311a elementor-widget__width-auto elementor-widget-tablet__width-inherit elementor-widget elementor-widget-heading\" data-id=\"7a3311a\" data-element_type=\"widget\" data-widget_type=\"heading.default\">\n\t\t\t\t<div class=\"elementor-widget-container\">\n\t\t\t<h2 class=\"elementor-heading-title elementor-size-default\"><strong>M\u00e1te z\u00e1ujem o tak\u00e9to rie\u0161enie?<\/strong>\u2028<br>Kontaktujte n\u00e1s a s\u00fastre\u010fte sa na svoj rast.<\/h2>\t\t<\/div>\n\t\t\t\t<\/div>\n\t\t\t\t<div class=\"elementor-element elementor-element-73afbdb elementor-widget__width-auto elementor-align-right elementor-widget elementor-widget-button\" data-id=\"73afbdb\" data-element_type=\"widget\" data-widget_type=\"button.default\">\n\t\t\t\t<div class=\"elementor-widget-container\">\n\t\t\t\t\t<div class=\"elementor-button-wrapper\">\n\t\t\t<a class=\"elementor-button elementor-button-link elementor-size-sm\" href=\"#\">\n\t\t\t\t\t\t<span class=\"elementor-button-content-wrapper\">\n\t\t\t\t\t\t\t\t\t<span class=\"elementor-button-text\">Po\u010fme na to<\/span>\n\t\t\t\t\t<\/span>\n\t\t\t\t\t<\/a>\n\t\t<\/div>\n\t\t\t\t<\/div>\n\t\t\t\t<\/div>\n\t\t\t\t\t<\/div>\n\t\t<\/div>\n\t\t\t\t\t<\/div>\n\t\t<\/section>\n\t\t\t\t<div class=\"elementor-element elementor-element-16fcf60 elementor-widget__width-initial elementor-widget-tablet__width-auto elementor-widget elementor-widget-heading\" data-id=\"16fcf60\" data-element_type=\"widget\" data-widget_type=\"heading.default\">\n\t\t\t\t<div class=\"elementor-widget-container\">\n\t\t\t<h2 class=\"elementor-heading-title elementor-size-default\">Zdie\u013ea\u0165 tento \u010dl\u00e1nok<\/h2>\t\t<\/div>\n\t\t\t\t<\/div>\n\t\t\t\t<div class=\"elementor-element elementor-element-d2c813f elementor-widget__width-auto elementor-shape-rounded elementor-grid-0 e-grid-align-center elementor-widget elementor-widget-social-icons\" data-id=\"d2c813f\" data-element_type=\"widget\" data-widget_type=\"social-icons.default\">\n\t\t\t\t<div class=\"elementor-widget-container\">\n\t\t\t\t\t<div class=\"elementor-social-icons-wrapper elementor-grid\">\n\t\t\t\t\t\t\t<span class=\"elementor-grid-item\">\n\t\t\t\t\t<a class=\"elementor-icon elementor-social-icon elementor-social-icon-twitter elementor-repeater-item-6e2fb16\" target=\"_blank\">\n\t\t\t\t\t\t<span class=\"elementor-screen-only\">Twitter<\/span>\n\t\t\t\t\t\t<i class=\"fab fa-twitter\"><\/i>\t\t\t\t\t<\/a>\n\t\t\t\t<\/span>\n\t\t\t\t\t\t\t<span class=\"elementor-grid-item\">\n\t\t\t\t\t<a class=\"elementor-icon elementor-social-icon elementor-social-icon-facebook elementor-repeater-item-0c8f1d2\" target=\"_blank\">\n\t\t\t\t\t\t<span class=\"elementor-screen-only\">Facebook<\/span>\n\t\t\t\t\t\t<i class=\"fab fa-facebook\"><\/i>\t\t\t\t\t<\/a>\n\t\t\t\t<\/span>\n\t\t\t\t\t\t\t<span class=\"elementor-grid-item\">\n\t\t\t\t\t<a class=\"elementor-icon elementor-social-icon elementor-social-icon- elementor-repeater-item-f1c1172\" target=\"_blank\">\n\t\t\t\t\t\t<span class=\"elementor-screen-only\"><\/span>\n\t\t\t\t\t\t<svg xmlns=\"http:\/\/www.w3.org\/2000\/svg\" height=\"682pt\" viewbox=\"-21 -35 682.66669 682\" width=\"682pt\"><path d=\"m77.613281-.667969c-46.929687 0-77.613281 30.816407-77.613281 71.320313 0 39.609375 29.769531 71.304687 75.8125 71.304687h.890625c47.847656 0 77.625-31.695312 77.625-71.304687-.894531-40.503906-29.777344-71.320313-76.714844-71.320313zm0 0\"><\/path><path d=\"m8.109375 198.3125h137.195313v412.757812h-137.195313zm0 0\"><\/path><path d=\"m482.054688 188.625c-74.011719 0-123.640626 69.546875-123.640626 69.546875v-59.859375h-137.199218v412.757812h137.191406v-230.5c0-12.339843.894531-24.660156 4.519531-33.484374 9.917969-24.640626 32.488281-50.167969 70.390625-50.167969 49.644532 0 69.5 37.851562 69.5 93.339843v220.8125h137.183594v-236.667968c0-126.78125-67.6875-185.777344-157.945312-185.777344zm0 0\"><\/path><\/svg>\t\t\t\t\t<\/a>\n\t\t\t\t<\/span>\n\t\t\t\t\t\t\t<span class=\"elementor-grid-item\">\n\t\t\t\t\t<a class=\"elementor-icon elementor-social-icon elementor-social-icon- elementor-repeater-item-d7c0f9e\" target=\"_blank\">\n\t\t\t\t\t\t<span class=\"elementor-screen-only\"><\/span>\n\t\t\t\t\t\t<svg xmlns=\"http:\/\/www.w3.org\/2000\/svg\" width=\"20\" height=\"10\" viewbox=\"0 0 20 10\" fill=\"none\"><path d=\"M15 0H11V2H15C16.65 2 18 3.35 18 5C18 6.65 16.65 8 15 8H11V10H15C17.76 10 20 7.76 20 5C20 2.24 17.76 0 15 0ZM9 8H5C3.35 8 2 6.65 2 5C2 3.35 3.35 2 5 2H9V0H5C2.24 0 0 2.24 0 5C0 7.76 2.24 10 5 10H9V8ZM6 4H14V6H6V4Z\" fill=\"#403703\"><\/path><\/svg>\t\t\t\t\t<\/a>\n\t\t\t\t<\/span>\n\t\t\t\t\t<\/div>\n\t\t\t\t<\/div>\n\t\t\t\t<\/div>\n\t\t\t\t\t<\/div>\n\t\t<\/div>\n\t\t\t\t\t<\/div>\n\t\t<\/section>\n\t\t\t\t<\/div>","protected":false},"excerpt":{"rendered":"<p>Services Provided CFO Custom reporting Back-office Management About Trama is a leading LegalTech trademark service company that offers innovative solutions to clients in the legal industry. The company is renowned for its cutting-edge technology and commitment to delivering high-quality services to its clients Challenge Trama lacked visibility into their financial performance and operations, which made [&hellip;]<\/p>","protected":false},"author":2,"featured_media":0,"parent":0,"menu_order":0,"comment_status":"closed","ping_status":"closed","template":"","meta":{"_acf_changed":false,"footnotes":""},"class_list":["post-284","page","type-page","status-publish","hentry"],"acf":[],"_links":{"self":[{"href":"https:\/\/capila.io\/sk\/wp-json\/wp\/v2\/pages\/284","targetHints":{"allow":["GET"]}}],"collection":[{"href":"https:\/\/capila.io\/sk\/wp-json\/wp\/v2\/pages"}],"about":[{"href":"https:\/\/capila.io\/sk\/wp-json\/wp\/v2\/types\/page"}],"author":[{"embeddable":true,"href":"https:\/\/capila.io\/sk\/wp-json\/wp\/v2\/users\/2"}],"replies":[{"embeddable":true,"href":"https:\/\/capila.io\/sk\/wp-json\/wp\/v2\/comments?post=284"}],"version-history":[{"count":19,"href":"https:\/\/capila.io\/sk\/wp-json\/wp\/v2\/pages\/284\/revisions"}],"predecessor-version":[{"id":544,"href":"https:\/\/capila.io\/sk\/wp-json\/wp\/v2\/pages\/284\/revisions\/544"}],"wp:attachment":[{"href":"https:\/\/capila.io\/sk\/wp-json\/wp\/v2\/media?parent=284"}],"curies":[{"name":"wp","href":"https:\/\/api.w.org\/{rel}","templated":true}]}}