{"id":239,"date":"2023-08-24T02:10:19","date_gmt":"2023-08-24T02:10:19","guid":{"rendered":"https:\/\/capila.io\/?page_id=239"},"modified":"2023-09-29T10:00:24","modified_gmt":"2023-09-29T10:00:24","slug":"financial-analysis","status":"publish","type":"page","link":"https:\/\/capila.io\/sk\/financial-analysis\/","title":{"rendered":"Finan\u010dn\u00e1 anal\u00fdza"},"content":{"rendered":"<div data-elementor-type=\"wp-page\" data-elementor-id=\"239\" class=\"elementor elementor-239\" data-elementor-post-type=\"page\">\n\t\t\t\t\t\t<section class=\"elementor-section elementor-top-section elementor-element elementor-element-7d93411 elementor-reverse-tablet elementor-reverse-mobile elementor-section-boxed elementor-section-height-default elementor-section-height-default\" data-id=\"7d93411\" data-element_type=\"section\" data-settings=\"{&quot;background_background&quot;:&quot;classic&quot;}\">\n\t\t\t\t\t\t<div class=\"elementor-container elementor-column-gap-default\">\n\t\t\t\t\t<div class=\"elementor-column elementor-col-50 elementor-top-column elementor-element elementor-element-2d188af\" data-id=\"2d188af\" data-element_type=\"column\">\n\t\t\t<div class=\"elementor-widget-wrap elementor-element-populated\">\n\t\t\t\t\t\t<div class=\"elementor-element elementor-element-0103325 elementor-widget__width-initial elementor-widget elementor-widget-text-editor\" data-id=\"0103325\" data-element_type=\"widget\" data-widget_type=\"text-editor.default\">\n\t\t\t\t<div class=\"elementor-widget-container\">\n\t\t\t\t\t\t\t<p>Finan\u010dn\u00e1 anal\u00fdza<\/p>\t\t\t\t\t\t<\/div>\n\t\t\t\t<\/div>\n\t\t\t\t<div class=\"elementor-element elementor-element-59c8061 elementor-widget elementor-widget-heading\" data-id=\"59c8061\" data-element_type=\"widget\" data-widget_type=\"heading.default\">\n\t\t\t\t<div class=\"elementor-widget-container\">\n\t\t\t<h2 class=\"elementor-heading-title elementor-size-default\">Capila <strong>Finan\u010dn\u00e1 anal\u00fdza<\/strong> a zdravie V\u00e1\u0161ho podniku<\/h2>\t\t<\/div>\n\t\t\t\t<\/div>\n\t\t\t\t<div class=\"elementor-element elementor-element-915a23c elementor-widget__width-initial elementor-widget elementor-widget-text-editor\" data-id=\"915a23c\" data-element_type=\"widget\" data-widget_type=\"text-editor.default\">\n\t\t\t\t<div class=\"elementor-widget-container\">\n\t\t\t\t\t\t\t<p class=\" translation-block\">Finan\u010dn\u00e1 anal\u00fdza V\u00e1m uk\u00e1\u017ee stav<strong> vybran\u00fdch kritick\u00fdch <\/strong>ukazovate\u013eov za predch\u00e1dzaj\u00face \u00fa\u010dtovn\u00e9 obdobie, po vypracovan\u00ed finan\u010dnej anal\u00fdzy V\u00e1m taktie\u017e pon\u00fakame <strong>zdarma konzult\u00e1ciu <\/strong>o finan\u010dnom zdrav\u00ed V\u00e1\u0161ho podniku.<\/p>\t\t\t\t\t\t<\/div>\n\t\t\t\t<\/div>\n\t\t\t\t\t<\/div>\n\t\t<\/div>\n\t\t\t\t<div class=\"elementor-column elementor-col-50 elementor-top-column elementor-element elementor-element-7b1fa25\" data-id=\"7b1fa25\" data-element_type=\"column\" data-settings=\"{&quot;background_background&quot;:&quot;classic&quot;}\">\n\t\t\t<div class=\"elementor-widget-wrap elementor-element-populated\">\n\t\t\t\t\t\t<div class=\"elementor-element elementor-element-0878096 elementor-widget__width-inherit elementor-widget elementor-widget-image\" data-id=\"0878096\" data-element_type=\"widget\" data-widget_type=\"image.default\">\n\t\t\t\t<div class=\"elementor-widget-container\">\n\t\t\t\t\t\t\t\t\t\t\t\t\t<img fetchpriority=\"high\" decoding=\"async\" width=\"800\" height=\"705\" src=\"https:\/\/capila.io\/wp-content\/uploads\/2023\/08\/002-MacBook-Gold_Capila-1-1-1024x902.png\" class=\"attachment-large size-large wp-image-241\" alt=\"\" srcset=\"https:\/\/capila.io\/wp-content\/uploads\/2023\/08\/002-MacBook-Gold_Capila-1-1-1024x902.png 1024w, https:\/\/capila.io\/wp-content\/uploads\/2023\/08\/002-MacBook-Gold_Capila-1-1-300x264.png 300w, https:\/\/capila.io\/wp-content\/uploads\/2023\/08\/002-MacBook-Gold_Capila-1-1-768x676.png 768w, https:\/\/capila.io\/wp-content\/uploads\/2023\/08\/002-MacBook-Gold_Capila-1-1.png 1070w\" sizes=\"(max-width: 800px) 100vw, 800px\" \/>\t\t\t\t\t\t\t\t\t\t\t\t\t<\/div>\n\t\t\t\t<\/div>\n\t\t\t\t\t<\/div>\n\t\t<\/div>\n\t\t\t\t\t<\/div>\n\t\t<\/section>\n\t\t\t\t<section class=\"elementor-section elementor-top-section elementor-element elementor-element-515c885 elementor-section-boxed elementor-section-height-default elementor-section-height-default\" data-id=\"515c885\" data-element_type=\"section\" data-settings=\"{&quot;background_background&quot;:&quot;classic&quot;}\">\n\t\t\t\t\t\t<div class=\"elementor-container elementor-column-gap-default\">\n\t\t\t\t\t<div class=\"elementor-column elementor-col-100 elementor-top-column elementor-element elementor-element-3284c96\" data-id=\"3284c96\" data-element_type=\"column\">\n\t\t\t<div class=\"elementor-widget-wrap elementor-element-populated\">\n\t\t\t\t\t\t<div class=\"elementor-element elementor-element-fbe989e elementor-widget elementor-widget-heading\" data-id=\"fbe989e\" data-element_type=\"widget\" data-widget_type=\"heading.default\">\n\t\t\t\t<div class=\"elementor-widget-container\">\n\t\t\t<h2 class=\"elementor-heading-title elementor-size-default\">Z\u00edskajte Finan\u010dn\u00fa anal\u00fdzu firmy zdarma<\/h2>\t\t<\/div>\n\t\t\t\t<\/div>\n\t\t\t\t<div class=\"elementor-element elementor-element-b345e90 elementor-widget elementor-widget-text-editor\" data-id=\"b345e90\" data-element_type=\"widget\" data-widget_type=\"text-editor.default\">\n\t\t\t\t<div class=\"elementor-widget-container\">\n\t\t\t\t\t\t\t<p>Finan\u010dn\u00fa anal\u00fdzu a pos\u00fadenie finan\u010dn\u00e9ho zdravia Va\u0161ej firmy vypracujeme z verejne dostupn\u00fdch zdrojov. Vypracovan\u00e1 finan\u010dn\u00e1 anal\u00fdza je dostupn\u00e1 pre podniky registrovan\u00e9 na \u00fazem\u00ed Slovenskej republiky, so zverejnenou \u00fa\u010dtovnou z\u00e1vierkou za predch\u00e1dzaj\u00face obdobie. Anal\u00fdzu V\u00e1m na\u0161i experti dodaj\u00fa do 5 pracovn\u00fdch dn\u00ed v dvoch jazykov\u00fdch mut\u00e1ci\u00e1ch, Slovenskej a Anglickej.<\/p>\t\t\t\t\t\t<\/div>\n\t\t\t\t<\/div>\n\t\t\t\t<div class=\"elementor-element elementor-element-b2d2b55 elementor-button-align-end elementor-widget elementor-widget-form\" data-id=\"b2d2b55\" data-element_type=\"widget\" data-settings=\"{&quot;step_next_label&quot;:&quot;Next&quot;,&quot;step_previous_label&quot;:&quot;Previous&quot;,&quot;button_width&quot;:&quot;30&quot;,&quot;step_type&quot;:&quot;number_text&quot;,&quot;step_icon_shape&quot;:&quot;circle&quot;}\" data-widget_type=\"form.default\">\n\t\t\t\t<div class=\"elementor-widget-container\">\n\t\t\t\t\t<form class=\"elementor-form\" method=\"post\" name=\"New Form\" action=\"\">\n\t\t\t<input type=\"hidden\" name=\"post_id\" value=\"239\"\/>\n\t\t\t<input type=\"hidden\" name=\"form_id\" value=\"b2d2b55\"\/>\n\t\t\t<input type=\"hidden\" name=\"referer_title\" value=\"\" \/>\n\n\t\t\t\n\t\t\t<div class=\"elementor-form-fields-wrapper elementor-labels-\">\n\t\t\t\t\t\t\t\t<div class=\"elementor-field-type-recaptcha_v3 elementor-field-group elementor-column elementor-field-group-field_73f9dfd elementor-col-100 recaptcha_v3-bottomright\">\n\t\t\t\t\t<div class=\"elementor-field\" id=\"form-field-field_73f9dfd\"><div class=\"elementor-g-recaptcha\" data-sitekey=\"6LeyxF0oAAAAADxp4J7oUzvohyJpOtVdHOwhxkBc\" data-type=\"v3\" data-action=\"Form\" data-badge=\"bottomright\" data-size=\"invisible\"><\/div><\/div>\t\t\t\t<\/div>\n\t\t\t\t\t\t\t\t<div class=\"elementor-field-type-text elementor-field-group elementor-column elementor-field-group-field_c84b916 elementor-col-50\">\n\t\t\t\t\t\t\t\t\t\t\t\t<label for=\"form-field-field_c84b916\" class=\"elementor-field-label elementor-screen-only\">\n\t\t\t\t\t\t\t\tName\t\t\t\t\t\t\t<\/label>\n\t\t\t\t\t\t\t\t\t\t\t\t\t\t<input size=\"1\" type=\"text\" name=\"form_fields[field_c84b916]\" id=\"form-field-field_c84b916\" class=\"elementor-field elementor-size-sm  elementor-field-textual\" placeholder=\"Meno a priezvisko\">\n\t\t\t\t\t\t\t\t\t\t\t<\/div>\n\t\t\t\t\t\t\t\t<div class=\"elementor-field-type-email elementor-field-group elementor-column elementor-field-group-field_2674401 elementor-col-50\">\n\t\t\t\t\t\t\t\t\t\t\t\t<label for=\"form-field-field_2674401\" class=\"elementor-field-label elementor-screen-only\">\n\t\t\t\t\t\t\t\tEmail\t\t\t\t\t\t\t<\/label>\n\t\t\t\t\t\t\t\t\t\t\t\t\t\t<input size=\"1\" type=\"email\" name=\"form_fields[field_2674401]\" id=\"form-field-field_2674401\" class=\"elementor-field elementor-size-sm  elementor-field-textual\" placeholder=\"Email\">\n\t\t\t\t\t\t\t\t\t\t\t<\/div>\n\t\t\t\t\t\t\t\t<div class=\"elementor-field-type-tel elementor-field-group elementor-column elementor-field-group-field_96cdc2a elementor-col-50\">\n\t\t\t\t\t\t\t\t\t\t\t\t<label for=\"form-field-field_96cdc2a\" class=\"elementor-field-label elementor-screen-only\">\n\t\t\t\t\t\t\t\tTel. \u010d\u00edslo\t\t\t\t\t\t\t<\/label>\n\t\t\t\t\t\t\t\t<input size=\"1\" type=\"tel\" name=\"form_fields[field_96cdc2a]\" id=\"form-field-field_96cdc2a\" class=\"elementor-field elementor-size-sm  elementor-field-textual\" placeholder=\"Tel. \u010d\u00edslo\" pattern=\"[0-9()#&amp;+*-=.]+\" title=\"Pros\u00ed zad\u00e1vajte iba \u010d\u00edsla alebo tieto znaky #, -, *,\">\n\n\t\t\t\t\t\t<\/div>\n\t\t\t\t\t\t\t\t<div class=\"elementor-field-type-number elementor-field-group elementor-column elementor-field-group-field_09bcfd2 elementor-col-50\">\n\t\t\t\t\t\t\t\t\t\t\t\t<label for=\"form-field-field_09bcfd2\" class=\"elementor-field-label elementor-screen-only\">\n\t\t\t\t\t\t\t\tI\u010cO\t\t\t\t\t\t\t<\/label>\n\t\t\t\t\t\t\t\t\t<input type=\"number\" name=\"form_fields[field_09bcfd2]\" id=\"form-field-field_09bcfd2\" class=\"elementor-field elementor-size-sm  elementor-field-textual\" placeholder=\"I\u010cO\" min=\"\" max=\"\" >\n\t\t\t\t\t\t<\/div>\n\t\t\t\t\t\t\t\t<div class=\"elementor-field-type-text elementor-field-group elementor-column elementor-field-group-field_b8c95b9 elementor-col-50\">\n\t\t\t\t\t\t\t\t\t\t\t\t<label for=\"form-field-field_b8c95b9\" class=\"elementor-field-label elementor-screen-only\">\n\t\t\t\t\t\t\t\tN\u00e1zov firmy\t\t\t\t\t\t\t<\/label>\n\t\t\t\t\t\t\t\t\t\t\t\t\t\t<input size=\"1\" type=\"text\" name=\"form_fields[field_b8c95b9]\" id=\"form-field-field_b8c95b9\" class=\"elementor-field elementor-size-sm  elementor-field-textual\" placeholder=\"N\u00e1zov firmy\">\n\t\t\t\t\t\t\t\t\t\t\t<\/div>\n\t\t\t\t\t\t\t\t<div class=\"elementor-field-type-text elementor-field-group elementor-column elementor-field-group-field_0b9a7cb elementor-col-50\">\n\t\t\t\t\t\t\t\t\t\t\t\t<label for=\"form-field-field_0b9a7cb\" class=\"elementor-field-label elementor-screen-only\">\n\t\t\t\t\t\t\t\tPo\u010det zamestnancov \t\t\t\t\t\t\t<\/label>\n\t\t\t\t\t\t\t\t\t\t\t\t\t\t<input size=\"1\" type=\"text\" name=\"form_fields[field_0b9a7cb]\" id=\"form-field-field_0b9a7cb\" class=\"elementor-field elementor-size-sm  elementor-field-textual\" placeholder=\"Po\u010det zamestnancov \">\n\t\t\t\t\t\t\t\t\t\t\t<\/div>\n\t\t\t\t\t\t\t\t<div class=\"elementor-field-type-html elementor-field-group elementor-column elementor-field-group-field_12df6b3 elementor-col-70\">\n\t\t\t\t\tOdoslan\u00edm tohto formul\u00e1ra poskytujete s\u00fahlas spolo\u010dnosti Capila na spracovanie v\u0161etk\u00fdch vami poskytnut\u00fdch osobn\u00fdch \u00fadajov, vr\u00e1tane v\u00e1\u0161ho e-mailu, mena a obsahu spr\u00e1vy na \u00fa\u010dely odpovede na vybavenie va\u0161ej \u017eiadosti.\t\t\t\t<\/div>\n\t\t\t\t\t\t\t\t<div class=\"elementor-field-group elementor-column elementor-field-type-submit elementor-col-30 e-form__buttons\">\n\t\t\t\t\t<button type=\"submit\" class=\"elementor-button elementor-size-sm\">\n\t\t\t\t\t\t<span >\n\t\t\t\t\t\t\t\t\t\t\t\t\t\t\t<span class=\"elementor-button-icon\">\n\t\t\t\t\t\t\t\t\t\t\t\t\t\t\t\t\t\t\t\t\t\t\t\t\t\t<\/span>\n\t\t\t\t\t\t\t\t\t\t\t\t\t\t\t\t\t\t\t\t\t\t<span class=\"elementor-button-text\">Odosla\u0165<\/span>\n\t\t\t\t\t\t\t\t\t\t\t\t\t<\/span>\n\t\t\t\t\t<\/button>\n\t\t\t\t<\/div>\n\t\t\t<\/div>\n\t\t<input type=\"hidden\" name=\"trp-form-language\" value=\"sk\"\/><\/form>\n\t\t\t\t<\/div>\n\t\t\t\t<\/div>\n\t\t\t\t\t<\/div>\n\t\t<\/div>\n\t\t\t\t\t<\/div>\n\t\t<\/section>\n\t\t\t\t<\/div>","protected":false},"excerpt":{"rendered":"<p>Financial analysis Capila Financial analysis and the health of your business The financial analysis will show you the state of selected critical indicators in the previous accounting period, after the financial analysis is prepared we also offer you a consultation on the financial health of your business free of charge.\u00a0 Receive Company Financial Analysis Free [&hellip;]<\/p>","protected":false},"author":2,"featured_media":0,"parent":0,"menu_order":0,"comment_status":"closed","ping_status":"closed","template":"","meta":{"_acf_changed":false,"footnotes":""},"class_list":["post-239","page","type-page","status-publish","hentry"],"acf":[],"_links":{"self":[{"href":"https:\/\/capila.io\/sk\/wp-json\/wp\/v2\/pages\/239","targetHints":{"allow":["GET"]}}],"collection":[{"href":"https:\/\/capila.io\/sk\/wp-json\/wp\/v2\/pages"}],"about":[{"href":"https:\/\/capila.io\/sk\/wp-json\/wp\/v2\/types\/page"}],"author":[{"embeddable":true,"href":"https:\/\/capila.io\/sk\/wp-json\/wp\/v2\/users\/2"}],"replies":[{"embeddable":true,"href":"https:\/\/capila.io\/sk\/wp-json\/wp\/v2\/comments?post=239"}],"version-history":[{"count":55,"href":"https:\/\/capila.io\/sk\/wp-json\/wp\/v2\/pages\/239\/revisions"}],"predecessor-version":[{"id":1404,"href":"https:\/\/capila.io\/sk\/wp-json\/wp\/v2\/pages\/239\/revisions\/1404"}],"wp:attachment":[{"href":"https:\/\/capila.io\/sk\/wp-json\/wp\/v2\/media?parent=239"}],"curies":[{"name":"wp","href":"https:\/\/api.w.org\/{rel}","templated":true}]}}