{"id":120,"date":"2023-08-11T13:26:16","date_gmt":"2023-08-11T13:26:16","guid":{"rendered":"https:\/\/capila.io\/?page_id=120"},"modified":"2023-10-02T07:03:23","modified_gmt":"2023-10-02T07:03:23","slug":"about-us","status":"publish","type":"page","link":"https:\/\/capila.io\/sk\/about-us\/","title":{"rendered":"O n\u00e1s"},"content":{"rendered":"<div data-elementor-type=\"wp-page\" data-elementor-id=\"120\" class=\"elementor elementor-120\" data-elementor-post-type=\"page\">\n\t\t\t\t\t\t<section class=\"elementor-section elementor-top-section elementor-element elementor-element-20a3e48 elementor-section-boxed elementor-section-height-default elementor-section-height-default\" data-id=\"20a3e48\" data-element_type=\"section\" data-settings=\"{&quot;background_background&quot;:&quot;classic&quot;}\">\n\t\t\t\t\t\t<div class=\"elementor-container elementor-column-gap-default\">\n\t\t\t\t\t<div class=\"elementor-column elementor-col-50 elementor-top-column elementor-element elementor-element-0c6da51\" data-id=\"0c6da51\" data-element_type=\"column\">\n\t\t\t<div class=\"elementor-widget-wrap elementor-element-populated\">\n\t\t\t\t\t\t<div class=\"elementor-element elementor-element-263bf5c elementor-widget elementor-widget-heading\" data-id=\"263bf5c\" data-element_type=\"widget\" data-widget_type=\"heading.default\">\n\t\t\t\t<div class=\"elementor-widget-container\">\n\t\t\t<h2 class=\"elementor-heading-title elementor-size-default\">N\u00e1\u0161 t\u00edm<\/h2>\t\t<\/div>\n\t\t\t\t<\/div>\n\t\t\t\t<div class=\"elementor-element elementor-element-b10dcee elementor-widget__width-initial elementor-widget elementor-widget-text-editor\" data-id=\"b10dcee\" data-element_type=\"widget\" data-widget_type=\"text-editor.default\">\n\t\t\t\t<div class=\"elementor-widget-container\">\n\t\t\t\t\t\t\t<p>Capila pon\u00faka kombin\u00e1ciu automatizovan\u00e9ho \u00fa\u010dtovn\u00edctva, pokro\u010dil\u00e9ho BI reportingu a odborn\u00fdch znalost\u00ed finan\u010dn\u00fdch riadite\u013eov, ktor\u00e9 pom\u00e1haj\u00fa podnikom r\u00e1s\u0165.<\/p>\t\t\t\t\t\t<\/div>\n\t\t\t\t<\/div>\n\t\t\t\t<div class=\"elementor-element elementor-element-a27a288 elementor-widget__width-initial elementor-widget elementor-widget-text-editor\" data-id=\"a27a288\" data-element_type=\"widget\" data-widget_type=\"text-editor.default\">\n\t\t\t\t<div class=\"elementor-widget-container\">\n\t\t\t\t\t\t\t<p>Chceme vytvori\u0165 svet, kde bud\u00fa ma\u0165 zakladatelia firiem a vrcholov\u00fd mana\u017ement mo\u017enos\u0165 s\u00fastredi\u0165 sa na svoj biznis, zatia\u013e \u010do n\u00e1m s d\u00f4verou zveria svoje financie.<\/p>\t\t\t\t\t\t<\/div>\n\t\t\t\t<\/div>\n\t\t\t\t\t<\/div>\n\t\t<\/div>\n\t\t\t\t<div class=\"elementor-column elementor-col-50 elementor-top-column elementor-element elementor-element-2d52447\" data-id=\"2d52447\" data-element_type=\"column\">\n\t\t\t<div class=\"elementor-widget-wrap elementor-element-populated\">\n\t\t\t\t\t\t<div class=\"elementor-element elementor-element-3f1797d elementor-widget elementor-widget-image\" data-id=\"3f1797d\" data-element_type=\"widget\" data-widget_type=\"image.default\">\n\t\t\t\t<div class=\"elementor-widget-container\">\n\t\t\t\t\t\t\t\t\t\t\t\t\t<img fetchpriority=\"high\" decoding=\"async\" width=\"741\" height=\"506\" src=\"https:\/\/capila.io\/wp-content\/uploads\/2023\/08\/image-7-1-1-1-1-1.png\" class=\"attachment-large size-large wp-image-126\" alt=\"\" srcset=\"https:\/\/capila.io\/wp-content\/uploads\/2023\/08\/image-7-1-1-1-1-1.png 741w, https:\/\/capila.io\/wp-content\/uploads\/2023\/08\/image-7-1-1-1-1-1-300x205.png 300w\" sizes=\"(max-width: 741px) 100vw, 741px\" \/>\t\t\t\t\t\t\t\t\t\t\t\t\t<\/div>\n\t\t\t\t<\/div>\n\t\t\t\t\t<\/div>\n\t\t<\/div>\n\t\t\t\t\t<\/div>\n\t\t<\/section>\n\t\t\t\t<section class=\"elementor-section elementor-top-section elementor-element elementor-element-27f9b44 elementor-section-boxed elementor-section-height-default elementor-section-height-default\" data-id=\"27f9b44\" data-element_type=\"section\">\n\t\t\t\t\t\t<div class=\"elementor-container elementor-column-gap-default\">\n\t\t\t\t\t<div class=\"elementor-column elementor-col-33 elementor-top-column elementor-element elementor-element-2777040\" data-id=\"2777040\" data-element_type=\"column\">\n\t\t\t<div class=\"elementor-widget-wrap elementor-element-populated\">\n\t\t\t\t\t\t<div class=\"elementor-element elementor-element-5b3b742 elementor-widget elementor-widget-image\" data-id=\"5b3b742\" data-element_type=\"widget\" data-widget_type=\"image.default\">\n\t\t\t\t<div class=\"elementor-widget-container\">\n\t\t\t\t\t\t\t\t\t\t\t\t\t<img decoding=\"async\" width=\"596\" height=\"596\" src=\"https:\/\/capila.io\/wp-content\/uploads\/2023\/08\/image-9-1.png\" class=\"attachment-large size-large wp-image-127\" alt=\"\" srcset=\"https:\/\/capila.io\/wp-content\/uploads\/2023\/08\/image-9-1.png 596w, https:\/\/capila.io\/wp-content\/uploads\/2023\/08\/image-9-1-300x300.png 300w, https:\/\/capila.io\/wp-content\/uploads\/2023\/08\/image-9-1-150x150.png 150w\" sizes=\"(max-width: 596px) 100vw, 596px\" \/>\t\t\t\t\t\t\t\t\t\t\t\t\t<\/div>\n\t\t\t\t<\/div>\n\t\t\t\t<div class=\"elementor-element elementor-element-c00a477 elementor-widget__width-inherit elementor-widget elementor-widget-heading\" data-id=\"c00a477\" data-element_type=\"widget\" data-widget_type=\"heading.default\">\n\t\t\t\t<div class=\"elementor-widget-container\">\n\t\t\t<h2 class=\"elementor-heading-title elementor-size-default\">M\u00e1ty\u00e1s Varga<\/h2>\t\t<\/div>\n\t\t\t\t<\/div>\n\t\t\t\t<div class=\"elementor-element elementor-element-2fc42b6 elementor-widget__width-initial elementor-widget elementor-widget-text-editor\" data-id=\"2fc42b6\" data-element_type=\"widget\" data-widget_type=\"text-editor.default\">\n\t\t\t\t<div class=\"elementor-widget-container\">\n\t\t\t\t\t\t\t<p>CEO \/ Co-founder<\/p>\t\t\t\t\t\t<\/div>\n\t\t\t\t<\/div>\n\t\t\t\t<div class=\"elementor-element elementor-element-6b2cbd0 elementor-widget__width-initial elementor-widget elementor-widget-text-editor\" data-id=\"6b2cbd0\" data-element_type=\"widget\" data-widget_type=\"text-editor.default\">\n\t\t\t\t<div class=\"elementor-widget-container\">\n\t\t\t\t\t\t\t<p>M\u00e1ty\u00e1s je nad\u0161enec nov\u00e9ho<br \/>technologick\u00e9 rie\u0161enia vo financi\u00e1ch.<br \/>Jeho snom je \u017ei\u0165 vo svete, kde s\u00fa financie plne automatizovan\u00e9. Je sk\u00fasen\u00fdm finan\u010dn\u00fdm riadite\u013eom v oblasti transakci\u00ed, ako aj vo finan\u010dnom mana\u017emente medzin\u00e1rodnej coworkingovej platformy.<br \/>Po\u010das tejto cesty identifikoval mno\u017estvo finan\u010dn\u00fdch probl\u00e9mov v startupovom svete a chce prin\u00e1\u0161a\u0165 rie\u0161enia, ktor\u00e9 posun\u00fa cel\u00fd ekosyst\u00e9m vpred.<\/p>\t\t\t\t\t\t<\/div>\n\t\t\t\t<\/div>\n\t\t\t\t\t<\/div>\n\t\t<\/div>\n\t\t\t\t<div class=\"elementor-column elementor-col-33 elementor-top-column elementor-element elementor-element-0f35fbf\" data-id=\"0f35fbf\" data-element_type=\"column\">\n\t\t\t<div class=\"elementor-widget-wrap elementor-element-populated\">\n\t\t\t\t\t\t<div class=\"elementor-element elementor-element-ffec9c4 elementor-widget elementor-widget-image\" data-id=\"ffec9c4\" data-element_type=\"widget\" data-widget_type=\"image.default\">\n\t\t\t\t<div class=\"elementor-widget-container\">\n\t\t\t\t\t\t\t\t\t\t\t\t\t<img decoding=\"async\" width=\"597\" height=\"596\" src=\"https:\/\/capila.io\/wp-content\/uploads\/2023\/08\/image55-1.png\" class=\"attachment-large size-large wp-image-128\" alt=\"\" srcset=\"https:\/\/capila.io\/wp-content\/uploads\/2023\/08\/image55-1.png 597w, https:\/\/capila.io\/wp-content\/uploads\/2023\/08\/image55-1-300x300.png 300w, https:\/\/capila.io\/wp-content\/uploads\/2023\/08\/image55-1-150x150.png 150w\" sizes=\"(max-width: 597px) 100vw, 597px\" \/>\t\t\t\t\t\t\t\t\t\t\t\t\t<\/div>\n\t\t\t\t<\/div>\n\t\t\t\t<div class=\"elementor-element elementor-element-5271254 elementor-widget__width-inherit elementor-widget elementor-widget-heading\" data-id=\"5271254\" data-element_type=\"widget\" data-widget_type=\"heading.default\">\n\t\t\t\t<div class=\"elementor-widget-container\">\n\t\t\t<h2 class=\"elementor-heading-title elementor-size-default\">Juraj Jur\u00e1\u0161ek<\/h2>\t\t<\/div>\n\t\t\t\t<\/div>\n\t\t\t\t<div class=\"elementor-element elementor-element-89e4ba4 elementor-widget__width-initial elementor-widget elementor-widget-text-editor\" data-id=\"89e4ba4\" data-element_type=\"widget\" data-widget_type=\"text-editor.default\">\n\t\t\t\t<div class=\"elementor-widget-container\">\n\t\t\t\t\t\t\t<p>CSO \/ Co-founder<\/p>\t\t\t\t\t\t<\/div>\n\t\t\t\t<\/div>\n\t\t\t\t<div class=\"elementor-element elementor-element-32c3b3d elementor-widget__width-initial elementor-widget elementor-widget-text-editor\" data-id=\"32c3b3d\" data-element_type=\"widget\" data-widget_type=\"text-editor.default\">\n\t\t\t\t<div class=\"elementor-widget-container\">\n\t\t\t\t\t\t\t<p>Juraj je ostrie\u013ean\u00fd biznis l\u00edder s viac ako 8-ro\u010dn\u00fdmi sk\u00fasenos\u0165ami v oblasti technol\u00f3gi\u00ed, financi\u00ed a marketingu. <br \/>Podie\u013eal\nsa na produktovom v\u00fdvoji dvoch hlavn\u00fdch\nslovensk\u00fdch online b\u00e1nk Zuno a mBank a\nnesk\u00f4r mal na starosti biznis development\npre stredn\u00fa a v\u00fdchodn\u00fa Eur\u00f3pu v\nspolo\u010dnosti Exponea, venuj\u00facej sa\nautomatiz\u00e1cii z\u00e1kazn\u00edckych d\u00e1t a\npersonalizovanej marketingovej\nkomunik\u00e1cii cez v\u0161etky digit\u00e1lne kan\u00e1ly.\nJuraj sa tie\u017e venuje vzdel\u00e1vaniu v sektore\ne-commerce, predov\u0161etk\u00fdm cez t\u00e9mu\nd\u00f4le\u017eitosti z\u00e1kazn\u00edckych a finan\u010dn\u00fdch d\u00e1t\nv online biznise.<br \/>Juraj sa venuje aj vzdel\u00e1vaniu v sektore e-commerce, najm\u00e4 prostredn\u00edctvom t\u00e9my d\u00f4le\u017eitosti z\u00e1kazn\u00edckych a finan\u010dn\u00fdch d\u00e1t v online biznise.<\/p>\t\t\t\t\t\t<\/div>\n\t\t\t\t<\/div>\n\t\t\t\t\t<\/div>\n\t\t<\/div>\n\t\t\t\t<div class=\"elementor-column elementor-col-33 elementor-top-column elementor-element elementor-element-17409f1\" data-id=\"17409f1\" data-element_type=\"column\">\n\t\t\t<div class=\"elementor-widget-wrap elementor-element-populated\">\n\t\t\t\t\t\t<div class=\"elementor-element elementor-element-4514705 elementor-widget elementor-widget-image\" data-id=\"4514705\" data-element_type=\"widget\" data-widget_type=\"image.default\">\n\t\t\t\t<div class=\"elementor-widget-container\">\n\t\t\t\t\t\t\t\t\t\t\t\t\t<img loading=\"lazy\" decoding=\"async\" width=\"597\" height=\"596\" src=\"https:\/\/capila.io\/wp-content\/uploads\/2023\/08\/image-p-1.png\" class=\"attachment-large size-large wp-image-133\" alt=\"\" srcset=\"https:\/\/capila.io\/wp-content\/uploads\/2023\/08\/image-p-1.png 597w, https:\/\/capila.io\/wp-content\/uploads\/2023\/08\/image-p-1-300x300.png 300w, https:\/\/capila.io\/wp-content\/uploads\/2023\/08\/image-p-1-150x150.png 150w\" sizes=\"(max-width: 597px) 100vw, 597px\" \/>\t\t\t\t\t\t\t\t\t\t\t\t\t<\/div>\n\t\t\t\t<\/div>\n\t\t\t\t<div class=\"elementor-element elementor-element-2e030af elementor-widget__width-inherit elementor-widget elementor-widget-heading\" data-id=\"2e030af\" data-element_type=\"widget\" data-widget_type=\"heading.default\">\n\t\t\t\t<div class=\"elementor-widget-container\">\n\t\t\t<h2 class=\"elementor-heading-title elementor-size-default\">Martin Jesensk\u00fd<\/h2>\t\t<\/div>\n\t\t\t\t<\/div>\n\t\t\t\t<div class=\"elementor-element elementor-element-fdb9a52 elementor-widget__width-initial elementor-widget elementor-widget-text-editor\" data-id=\"fdb9a52\" data-element_type=\"widget\" data-widget_type=\"text-editor.default\">\n\t\t\t\t<div class=\"elementor-widget-container\">\n\t\t\t\t\t\t\t<p>CFO \/ Co-founder<\/p>\t\t\t\t\t\t<\/div>\n\t\t\t\t<\/div>\n\t\t\t\t<div class=\"elementor-element elementor-element-2478d9e elementor-widget__width-initial elementor-widget elementor-widget-text-editor\" data-id=\"2478d9e\" data-element_type=\"widget\" data-widget_type=\"text-editor.default\">\n\t\t\t\t<div class=\"elementor-widget-container\">\n\t\t\t\t\t\t\t<p>Martin m\u00e1 dlhoro\u010dn\u00e9 sk\u00fasenosti v oblasti\nfinanci\u00ed a \u00fa\u010dtovn\u00edctva v tzv. Ve\u013ekej \u0161tvorke\n(4 top \u00fa\u010dtovn\u00e9 a aud\u00edtorsk\u00e9 spolo\u010dnosti\nna svete), ale aj v technologick\u00fdch\nstartupoch. Jeho \u0161pecialitou je budovanie\nefekt\u00edvnych \u00fa\u010dtovn\u00fdch a fina\u010dn\u00fdch t\u00edmov a\nprocesov. Martinovmu pozorn\u00e9mu oku\nneujde \u017eiaden detail a v\u017edy dohliadne na\nspr\u00e1vne finan\u010dn\u00e9 rozhodnutia. Martin\nvedie n\u00e1\u0161 Virtual CFO program.<\/p>\t\t\t\t\t\t<\/div>\n\t\t\t\t<\/div>\n\t\t\t\t\t<\/div>\n\t\t<\/div>\n\t\t\t\t\t<\/div>\n\t\t<\/section>\n\t\t\t\t<section class=\"elementor-section elementor-top-section elementor-element elementor-element-3998528 elementor-section-boxed elementor-section-height-default elementor-section-height-default\" data-id=\"3998528\" data-element_type=\"section\" data-settings=\"{&quot;background_background&quot;:&quot;classic&quot;,&quot;background_motion_fx_motion_fx_mouse&quot;:&quot;yes&quot;}\">\n\t\t\t\t\t\t\t<div class=\"elementor-background-overlay\"><\/div>\n\t\t\t\t\t\t\t<div class=\"elementor-container elementor-column-gap-default\">\n\t\t\t\t\t<div class=\"elementor-column elementor-col-100 elementor-top-column elementor-element elementor-element-14f3b60\" data-id=\"14f3b60\" data-element_type=\"column\">\n\t\t\t<div class=\"elementor-widget-wrap elementor-element-populated\">\n\t\t\t\t\t\t<section class=\"elementor-section elementor-inner-section elementor-element elementor-element-743676b elementor-section-boxed elementor-section-height-default elementor-section-height-default\" data-id=\"743676b\" data-element_type=\"section\">\n\t\t\t\t\t\t<div class=\"elementor-container elementor-column-gap-default\">\n\t\t\t\t\t<div class=\"elementor-column elementor-col-100 elementor-inner-column elementor-element elementor-element-04f9f0c\" data-id=\"04f9f0c\" data-element_type=\"column\">\n\t\t\t<div class=\"elementor-widget-wrap elementor-element-populated\">\n\t\t\t\t\t\t<div class=\"elementor-element elementor-element-b4c8838 elementor-widget elementor-widget-heading\" data-id=\"b4c8838\" data-element_type=\"widget\" data-widget_type=\"heading.default\">\n\t\t\t\t<div class=\"elementor-widget-container\">\n\t\t\t<h2 class=\"elementor-heading-title elementor-size-default\">\u010cast\u00e9 ot\u00e1zky<\/h2>\t\t<\/div>\n\t\t\t\t<\/div>\n\t\t\t\t\t<\/div>\n\t\t<\/div>\n\t\t\t\t\t<\/div>\n\t\t<\/section>\n\t\t\t\t<div class=\"elementor-element elementor-element-417d9be elementor-widget__width-initial elementor-widget elementor-widget-toggle\" data-id=\"417d9be\" data-element_type=\"widget\" data-widget_type=\"toggle.default\">\n\t\t\t\t<div class=\"elementor-widget-container\">\n\t\t\t\t\t<div class=\"elementor-toggle\">\n\t\t\t\t\t\t\t<div class=\"elementor-toggle-item\">\n\t\t\t\t\t<div id=\"elementor-tab-title-6861\" class=\"elementor-tab-title\" data-tab=\"1\" role=\"button\" aria-controls=\"elementor-tab-content-6861\" aria-expanded=\"false\">\n\t\t\t\t\t\t\t\t\t\t\t\t<a class=\"elementor-toggle-title\" tabindex=\"0\">M\u00f4\u017eem si vo va\u0161om n\u00e1stroji vytvori\u0165 vlastn\u00e9 reporty?<\/a>\n\t\t\t\t\t<\/div>\n\n\t\t\t\t\t<div id=\"elementor-tab-content-6861\" class=\"elementor-tab-content elementor-clearfix\" data-tab=\"1\" role=\"region\" aria-labelledby=\"elementor-tab-title-6861\"><p>Ch\u00e1peme, \u017ee ka\u017ed\u00fd biznis je jedine\u010dn\u00fd, a preto by mali by\u0165 jedine\u010dn\u00e9 aj jeho reporty.\nTvorba vlastn\u00fdch reportov je preto jedn\u00fdm z hlavn\u00fdch benefitov n\u00e1\u0161ho n\u00e1stroja.<\/p><\/div>\n\t\t\t\t<\/div>\n\t\t\t\t\t\t\t<div class=\"elementor-toggle-item\">\n\t\t\t\t\t<div id=\"elementor-tab-title-6862\" class=\"elementor-tab-title\" data-tab=\"2\" role=\"button\" aria-controls=\"elementor-tab-content-6862\" aria-expanded=\"false\">\n\t\t\t\t\t\t\t\t\t\t\t\t<a class=\"elementor-toggle-title\" tabindex=\"0\">Ako r\u00fdchlo dok\u00e1\u017eete dokon\u010di\u0165 prechod z n\u00e1\u0161ho \u00fa\u010dtovn\u00edctva na va\u0161e?<\/a>\n\t\t\t\t\t<\/div>\n\n\t\t\t\t\t<div id=\"elementor-tab-content-6862\" class=\"elementor-tab-content elementor-clearfix\" data-tab=\"2\" role=\"region\" aria-labelledby=\"elementor-tab-title-6862\"><p>N\u00e1\u0161 t\u00edm odborn\u00edkov garantuje prechod na Capila \u00fa\u010dtovn\u00edctvo pred za\u010diatkom nasleduj\u00faceho \u00fa\u010dtovn\u00e9ho mesiaca, \u010d\u00edm zabezpe\u010duje r\u00fdchly a bezprobl\u00e9mov\u00fd proces.<\/p><\/div>\n\t\t\t\t<\/div>\n\t\t\t\t\t\t\t<div class=\"elementor-toggle-item\">\n\t\t\t\t\t<div id=\"elementor-tab-title-6863\" class=\"elementor-tab-title\" data-tab=\"3\" role=\"button\" aria-controls=\"elementor-tab-content-6863\" aria-expanded=\"false\">\n\t\t\t\t\t\t\t\t\t\t\t\t<a class=\"elementor-toggle-title\" tabindex=\"0\">Je program CFO vhodn\u00fd pre mal\u00e9 a stredn\u00e9 firmy? <br><span><\/span><\/a>\n\t\t\t\t\t<\/div>\n\n\t\t\t\t\t<div id=\"elementor-tab-content-6863\" class=\"elementor-tab-content elementor-clearfix\" data-tab=\"3\" role=\"region\" aria-labelledby=\"elementor-tab-title-6863\"><p>Ur\u010dite \u00e1no! V\u00e1\u0161 dedikovan\u00fd CFO t\u00edm pokryje v\u0161etky aktivity, ktor\u00e9 by rie\u0161il v\u00e1\u0161\n\u0161tandardn\u00fd CFO, a to len za zlomok mzdy finan\u010dn\u00e9ho riadite\u013ea na pln\u00fd \u00fav\u00e4zok.<\/p><\/div>\n\t\t\t\t<\/div>\n\t\t\t\t\t\t\t<div class=\"elementor-toggle-item\">\n\t\t\t\t\t<div id=\"elementor-tab-title-6864\" class=\"elementor-tab-title\" data-tab=\"4\" role=\"button\" aria-controls=\"elementor-tab-content-6864\" aria-expanded=\"false\">\n\t\t\t\t\t\t\t\t\t\t\t\t<a class=\"elementor-toggle-title\" tabindex=\"0\">M\u00f4\u017eem si doplnkov\u00e9 slu\u017eby objedna\u0165 separ\u00e1tne?<\/a>\n\t\t\t\t\t<\/div>\n\n\t\t\t\t\t<div id=\"elementor-tab-content-6864\" class=\"elementor-tab-content elementor-clearfix\" data-tab=\"4\" role=\"region\" aria-labelledby=\"elementor-tab-title-6864\"><p>Samozrejme. N\u00e1\u0161 t\u00edm v\u00e1m r\u00e1d pom\u00f4\u017ee s doplnkov\u00fdmi aktivitami ako valu\u00e1cie\nspolo\u010dnost\u00ed, strat\u00e9gie predaja, pomoc pri pr\u00edprave dokumentov pre investora a\npodobne.<\/p><\/div>\n\t\t\t\t<\/div>\n\t\t\t\t\t\t\t\t<\/div>\n\t\t\t\t<\/div>\n\t\t\t\t<\/div>\n\t\t\t\t\t<\/div>\n\t\t<\/div>\n\t\t\t\t\t<\/div>\n\t\t<\/section>\n\t\t\t\t<section class=\"elementor-section elementor-top-section elementor-element elementor-element-c0de5be elementor-section-boxed elementor-section-height-default elementor-section-height-default\" data-id=\"c0de5be\" data-element_type=\"section\" data-settings=\"{&quot;background_background&quot;:&quot;classic&quot;}\">\n\t\t\t\t\t\t<div class=\"elementor-container elementor-column-gap-default\">\n\t\t\t\t\t<div class=\"elementor-column elementor-col-50 elementor-top-column elementor-element elementor-element-86fc9ed\" data-id=\"86fc9ed\" data-element_type=\"column\">\n\t\t\t<div class=\"elementor-widget-wrap elementor-element-populated\">\n\t\t\t\t\t\t<div class=\"elementor-element elementor-element-4c72261 elementor-widget__width-initial elementor-widget elementor-widget-heading\" data-id=\"4c72261\" data-element_type=\"widget\" data-widget_type=\"heading.default\">\n\t\t\t\t<div class=\"elementor-widget-container\">\n\t\t\t<h2 class=\"elementor-heading-title elementor-size-default\">Pridaj sa k n\u00e1m!<\/h2>\t\t<\/div>\n\t\t\t\t<\/div>\n\t\t\t\t<div class=\"elementor-element elementor-element-69d0142 elementor-widget elementor-widget-text-editor\" data-id=\"69d0142\" data-element_type=\"widget\" data-widget_type=\"text-editor.default\">\n\t\t\t\t<div class=\"elementor-widget-container\">\n\t\t\t\t\t\t\t<p>H\u013ead\u00e1me \u013eud\u00ed, ktor\u00ed sa radi u\u010dia a chc\u00fa rie\u0161i\u0165 zauj\u00edmav\u00e9 v\u00fdzvy. Na opl\u00e1tku vytv\u00e1rame najlep\u0161ie mo\u017en\u00e9 prostredie prostredn\u00edctvom na\u0161ich hodn\u00f4t, benefitov a pr\u00edjemnej komunity.<\/p>\t\t\t\t\t\t<\/div>\n\t\t\t\t<\/div>\n\t\t\t\t\t<\/div>\n\t\t<\/div>\n\t\t\t\t<div class=\"elementor-column elementor-col-50 elementor-top-column elementor-element elementor-element-1b7832a\" data-id=\"1b7832a\" data-element_type=\"column\">\n\t\t\t<div class=\"elementor-widget-wrap elementor-element-populated\">\n\t\t\t\t\t\t<div class=\"elementor-element elementor-element-207df28 elementor-button-align-end elementor-mobile-button-align-stretch elementor-widget elementor-widget-form\" data-id=\"207df28\" data-element_type=\"widget\" data-settings=\"{&quot;step_next_label&quot;:&quot;Next&quot;,&quot;step_previous_label&quot;:&quot;Previous&quot;,&quot;button_width&quot;:&quot;30&quot;,&quot;button_width_mobile&quot;:&quot;50&quot;,&quot;step_type&quot;:&quot;number_text&quot;,&quot;step_icon_shape&quot;:&quot;circle&quot;}\" data-widget_type=\"form.default\">\n\t\t\t\t<div class=\"elementor-widget-container\">\n\t\t\t\t\t<form class=\"elementor-form\" method=\"post\" name=\"New Form\" action=\"\">\n\t\t\t<input type=\"hidden\" name=\"post_id\" value=\"120\"\/>\n\t\t\t<input type=\"hidden\" name=\"form_id\" value=\"207df28\"\/>\n\t\t\t<input type=\"hidden\" name=\"referer_title\" value=\"\" \/>\n\n\t\t\t\n\t\t\t<div class=\"elementor-form-fields-wrapper elementor-labels-above\">\n\t\t\t\t\t\t\t\t<div class=\"elementor-field-type-text elementor-field-group elementor-column elementor-field-group-field_c627371 elementor-col-100\">\n\t\t\t\t\t\t\t\t\t\t\t\t\t<input size=\"1\" type=\"text\" name=\"form_fields[field_c627371]\" id=\"form-field-field_c627371\" class=\"elementor-field elementor-size-sm  elementor-field-textual\" placeholder=\"Youre Name\">\n\t\t\t\t\t\t\t\t\t\t\t<\/div>\n\t\t\t\t\t\t\t\t<div class=\"elementor-field-type-email elementor-field-group elementor-column elementor-field-group-field_aaefb2a elementor-col-100\">\n\t\t\t\t\t\t\t\t\t\t\t\t\t<input size=\"1\" type=\"email\" name=\"form_fields[field_aaefb2a]\" id=\"form-field-field_aaefb2a\" class=\"elementor-field elementor-size-sm  elementor-field-textual\" placeholder=\"Youre Email\">\n\t\t\t\t\t\t\t\t\t\t\t<\/div>\n\t\t\t\t\t\t\t\t<div class=\"elementor-field-type-textarea elementor-field-group elementor-column elementor-field-group-message elementor-col-100\">\n\t\t\t\t\t<textarea class=\"elementor-field-textual elementor-field  elementor-size-sm\" name=\"form_fields[message]\" id=\"form-field-message\" rows=\"10\" placeholder=\"Va\u0161a spr\u00e1va\"><\/textarea>\t\t\t\t<\/div>\n\t\t\t\t\t\t\t\t<div class=\"elementor-field-type-upload elementor-field-group elementor-column elementor-field-group-field_101d563 elementor-col-100\">\n\t\t\t\t\t\t\t<input type=\"file\" name=\"form_fields[field_101d563][]\" id=\"form-field-field_101d563\" class=\"elementor-field elementor-size-sm  elementor-upload-field\" multiple=\"multiple\" data-maxsize=\"10\" data-maxsize-message=\"This file exceeds the maximum allowed size.\">\n\n\t\t\t\t\t\t<\/div>\n\t\t\t\t\t\t\t\t<div class=\"elementor-field-type-html elementor-field-group elementor-column elementor-field-group-field_12df6b3 elementor-col-70\">\n\t\t\t\t\tOdoslan\u00edm tohto formul\u00e1ra poskytujete s\u00fahlas spolo\u010dnosti Capila na spracovanie v\u0161etk\u00fdch vami poskytnut\u00fdch osobn\u00fdch \u00fadajov, vr\u00e1tane v\u00e1\u0161ho e-mailu, mena a obsahu spr\u00e1vy na \u00fa\u010dely odpovede na vybavenie va\u0161ej \u017eiadosti.\t\t\t\t<\/div>\n\t\t\t\t\t\t\t\t<div class=\"elementor-field-group elementor-column elementor-field-type-submit elementor-col-30 e-form__buttons elementor-sm-50\">\n\t\t\t\t\t<button type=\"submit\" class=\"elementor-button elementor-size-sm\">\n\t\t\t\t\t\t<span >\n\t\t\t\t\t\t\t\t\t\t\t\t\t\t\t<span class=\"elementor-button-icon\">\n\t\t\t\t\t\t\t\t\t\t\t\t\t\t\t\t\t\t\t\t\t\t\t\t\t\t<\/span>\n\t\t\t\t\t\t\t\t\t\t\t\t\t\t\t\t\t\t\t\t\t\t<span class=\"elementor-button-text\">Odosla\u0165<\/span>\n\t\t\t\t\t\t\t\t\t\t\t\t\t<\/span>\n\t\t\t\t\t<\/button>\n\t\t\t\t<\/div>\n\t\t\t<\/div>\n\t\t<input type=\"hidden\" name=\"trp-form-language\" value=\"sk\"\/><\/form>\n\t\t\t\t<\/div>\n\t\t\t\t<\/div>\n\t\t\t\t\t<\/div>\n\t\t<\/div>\n\t\t\t\t\t<\/div>\n\t\t<\/section>\n\t\t\t\t<\/div>","protected":false},"excerpt":{"rendered":"<p>Our team Capila offers a combination of automated accounting, advanced BI reporting and CFO expertise to help businesses grow. We want to create a world where company founders and senior executives can focus on their business while trusting us with their finances. M\u00e1ty\u00e1s Varga CEO \/ Co-founder M\u00e1ty\u00e1s is an enthusiast of newtechnological solutions in [&hellip;]<\/p>","protected":false},"author":2,"featured_media":0,"parent":0,"menu_order":0,"comment_status":"closed","ping_status":"closed","template":"","meta":{"_acf_changed":false,"footnotes":""},"class_list":["post-120","page","type-page","status-publish","hentry"],"acf":[],"_links":{"self":[{"href":"https:\/\/capila.io\/sk\/wp-json\/wp\/v2\/pages\/120","targetHints":{"allow":["GET"]}}],"collection":[{"href":"https:\/\/capila.io\/sk\/wp-json\/wp\/v2\/pages"}],"about":[{"href":"https:\/\/capila.io\/sk\/wp-json\/wp\/v2\/types\/page"}],"author":[{"embeddable":true,"href":"https:\/\/capila.io\/sk\/wp-json\/wp\/v2\/users\/2"}],"replies":[{"embeddable":true,"href":"https:\/\/capila.io\/sk\/wp-json\/wp\/v2\/comments?post=120"}],"version-history":[{"count":76,"href":"https:\/\/capila.io\/sk\/wp-json\/wp\/v2\/pages\/120\/revisions"}],"predecessor-version":[{"id":1426,"href":"https:\/\/capila.io\/sk\/wp-json\/wp\/v2\/pages\/120\/revisions\/1426"}],"wp:attachment":[{"href":"https:\/\/capila.io\/sk\/wp-json\/wp\/v2\/media?parent=120"}],"curies":[{"name":"wp","href":"https:\/\/api.w.org\/{rel}","templated":true}]}}